{"id":697,"date":"2019-08-29T22:49:53","date_gmt":"2019-08-29T20:49:53","guid":{"rendered":"https:\/\/www.animalfootprint.org\/?page_id=697"},"modified":"2021-04-14T06:23:04","modified_gmt":"2021-04-14T04:23:04","slug":"meine-konsumierten-tiere-landtiere-fur-fleisch-2","status":"publish","type":"page","link":"https:\/\/www.animalfootprint.org\/de\/meine-konsumierten-tiere-landtiere-fur-fleisch-2\/","title":{"rendered":"Meine konsumierten Tiere > Landtiere f\u00fcr Fleisch"},"content":{"rendered":"<h3 style=\"text-align: left;\"><a href=\"https:\/\/www.animalfootprint.org\/meine-konsumierten-tiere\/\" data-wplink-url-error=\"true\">Meine konsumierten Tiere<\/a> &gt; <a href=\"https:\/\/www.animalfootprint.org\/meine-konsumierten-tiere-landtiere-fur-fleisch-2\/\" data-wplink-url-error=\"true\">Landtiere f\u00fcr Fleisch<\/a><\/h3>\n<p><\/p>\n<p>Es gibt zahlreiche verschiedene Landtiere, die direkt f\u00fcr den Konsum ihres Fleisches get\u00f6tet werden. Der Kalkulator ber\u00fccksichtigt die sechs am h\u00e4ufigsten in Deutschland get\u00f6teten Tierarten.<\/p>\n<p>Basis des Kalkulators ist der Durchschnittskonsum der Einwohner Deutschlands, der nach dieser Methode berechnet wurde:<\/p>\n<p><span> $$\\frac {(Gesamtschlachtzahl \\, pro \\, Spezies \\, Dtl. &#8211; Export + Sterblichkeit)}{(Einwohner \\, Dtl. &#8211; (Vegetarier+Veganer))}$$<\/span><\/p>\n<figure><\/figure>\n<p><span>Die Hochrechnung des Konsums \u00fcber mehrere Jahre ber\u00fccksichtigt die historischen Verl\u00e4ufe des Durchschnittsverbrauchs. Der individuelle Durchschnittskonsum kann zus\u00e4tzlich bez\u00fcglich eines subjektiv erlebten, gegen\u00fcber Durchschnittsb\u00fcrgern differenten Konsumverhaltens angepasst werden.<\/span><\/p>\n\n\n<div class=\"wp-block-button is-style-default\"><a class=\"wp-block-button__link has-cyan-bluish-gray-background-color has-background\" href=\"https:\/\/www.animalfootprint.org\/meine-konsumierten-tiere-landtiere-fur-fleisch\/\">Starten<\/a><\/div>\n","protected":false},"excerpt":{"rendered":"<p>Meine konsumierten Tiere &gt; Landtiere f\u00fcr Fleisch Es gibt zahlreiche verschiedene Landtiere, die direkt f\u00fcr den Konsum ihres Fleisches get\u00f6tet werden. Der Kalkulator ber\u00fccksichtigt die sechs am h\u00e4ufigsten in Deutschland get\u00f6teten Tierarten. Basis des Kalkulators ist der Durchschnittskonsum der Einwohner Deutschlands, der nach dieser Methode berechnet wurde: $$\\frac {(Gesamtschlachtzahl \\, pro \\, Spezies \\, Dtl. [&hellip;]<\/p>\n","protected":false},"author":1,"featured_media":0,"parent":0,"menu_order":0,"comment_status":"closed","ping_status":"closed","template":"","meta":{"_monsterinsights_skip_tracking":false,"_monsterinsights_sitenote_active":false,"_monsterinsights_sitenote_note":"","_monsterinsights_sitenote_category":0},"_links":{"self":[{"href":"https:\/\/www.animalfootprint.org\/de\/wp-json\/wp\/v2\/pages\/697"}],"collection":[{"href":"https:\/\/www.animalfootprint.org\/de\/wp-json\/wp\/v2\/pages"}],"about":[{"href":"https:\/\/www.animalfootprint.org\/de\/wp-json\/wp\/v2\/types\/page"}],"author":[{"embeddable":true,"href":"https:\/\/www.animalfootprint.org\/de\/wp-json\/wp\/v2\/users\/1"}],"replies":[{"embeddable":true,"href":"https:\/\/www.animalfootprint.org\/de\/wp-json\/wp\/v2\/comments?post=697"}],"version-history":[{"count":70,"href":"https:\/\/www.animalfootprint.org\/de\/wp-json\/wp\/v2\/pages\/697\/revisions"}],"predecessor-version":[{"id":1169,"href":"https:\/\/www.animalfootprint.org\/de\/wp-json\/wp\/v2\/pages\/697\/revisions\/1169"}],"wp:attachment":[{"href":"https:\/\/www.animalfootprint.org\/de\/wp-json\/wp\/v2\/media?parent=697"}],"curies":[{"name":"wp","href":"https:\/\/api.w.org\/{rel}","templated":true}]}}